{"id":1429,"date":"2025-08-12T08:10:08","date_gmt":"2025-08-12T08:10:08","guid":{"rendered":"https:\/\/inariprod6.com\/notre-approche\/"},"modified":"2025-09-14T02:15:52","modified_gmt":"2025-09-14T02:15:52","slug":"notre-approche","status":"publish","type":"page","link":"https:\/\/inariprod6.com\/fr\/notre-approche\/","title":{"rendered":"Notre approche"},"content":{"rendered":"\t\t<div data-elementor-type=\"wp-page\" data-elementor-id=\"1429\" class=\"elementor elementor-1429 elementor-237\" data-elementor-post-type=\"page\">\n\t\t\t\t<div class=\"elementor-element elementor-element-83e02ff e-flex e-con-boxed e-con e-parent\" data-id=\"83e02ff\" data-element_type=\"container\" data-e-type=\"container\" data-settings=\"{&quot;background_background&quot;:&quot;slideshow&quot;,&quot;background_slideshow_gallery&quot;:[{&quot;id&quot;:1189,&quot;url&quot;:&quot;https:\\\/\\\/inariprod6.com\\\/wp-content\\\/uploads\\\/2025\\\/08\\\/BACKGROUND-IMAGE.webp&quot;}],&quot;background_slideshow_loop&quot;:&quot;yes&quot;,&quot;background_slideshow_slide_duration&quot;:5000,&quot;background_slideshow_slide_transition&quot;:&quot;fade&quot;,&quot;background_slideshow_transition_duration&quot;:500}\">\n\t\t\t\t\t<div class=\"e-con-inner\">\n\t\t<div class=\"elementor-element elementor-element-09debec e-con-full e-flex e-con e-child\" data-id=\"09debec\" data-element_type=\"container\" data-e-type=\"container\">\n\t\t<div class=\"elementor-element elementor-element-83dd425 e-con-full e-flex e-con e-child\" data-id=\"83dd425\" data-element_type=\"container\" data-e-type=\"container\">\n\t\t\t\t<div class=\"elementor-element elementor-element-927ced3 elementor-widget elementor-widget-image\" data-id=\"927ced3\" data-element_type=\"widget\" data-e-type=\"widget\" data-widget_type=\"image.default\">\n\t\t\t\t\t\t\t\t\t\t\t\t\t\t\t<img fetchpriority=\"high\" decoding=\"async\" width=\"839\" height=\"772\" src=\"https:\/\/inariprod6.com\/wp-content\/uploads\/2025\/08\/Inari-IT-process.webp\" class=\"attachment-full size-full wp-image-1229\" alt=\"\" srcset=\"https:\/\/inariprod6.com\/wp-content\/uploads\/2025\/08\/Inari-IT-process.webp 839w, https:\/\/inariprod6.com\/wp-content\/uploads\/2025\/08\/Inari-IT-process-300x276.webp 300w, https:\/\/inariprod6.com\/wp-content\/uploads\/2025\/08\/Inari-IT-process-768x707.webp 768w\" sizes=\"(max-width: 839px) 100vw, 839px\" \/>\t\t\t\t\t\t\t\t\t\t\t\t\t\t\t<\/div>\n\t\t\t\t<\/div>\n\t\t<div class=\"elementor-element elementor-element-89dd2e0 e-con-full e-flex e-con e-child\" data-id=\"89dd2e0\" data-element_type=\"container\" data-e-type=\"container\">\n\t\t\t\t<div class=\"elementor-element elementor-element-bc7715c elementor-widget elementor-widget-heading\" data-id=\"bc7715c\" data-element_type=\"widget\" data-e-type=\"widget\" data-widget_type=\"heading.default\">\n\t\t\t\t\t<h2 class=\"elementor-heading-title elementor-size-default\">Notre m\u00e9thodologie&nbsp;:<br>L\u2019entreprise d\u2019abord, les outils ensuite<\/h2>\t\t\t\t<\/div>\n\t\t\t\t<div class=\"elementor-element elementor-element-59db6e4 elementor-widget elementor-widget-text-editor\" data-id=\"59db6e4\" data-element_type=\"widget\" data-e-type=\"widget\" data-widget_type=\"text-editor.default\">\n\t\t\t\t\t\t\t\t\t<p>Trop d\u2019entreprises cambodgiennes ach\u00e8tent des solutions num\u00e9riques comme on ach\u00e8te des m\u00e9dicaments sans<br>diagnostic. R\u00e9sultat&nbsp;: des outils qui ne correspondent pas aux besoins r\u00e9els. <br><br>Notre approche commence toujours par comprendre VOTRE entreprise avant de proposer des solutions.<\/p>\t\t\t\t\t\t\t\t<\/div>\n\t\t\t\t<\/div>\n\t\t\t\t<\/div>\n\t\t\t\t\t<\/div>\n\t\t\t\t<\/div>\n\t\t<div class=\"elementor-element elementor-element-d69469b e-flex e-con-boxed e-con e-parent\" data-id=\"d69469b\" data-element_type=\"container\" data-e-type=\"container\">\n\t\t\t\t\t<div class=\"e-con-inner\">\n\t\t<div class=\"elementor-element elementor-element-165aaa6 e-con-full e-flex e-con e-child\" data-id=\"165aaa6\" data-element_type=\"container\" data-e-type=\"container\">\n\t\t\t\t<div class=\"elementor-element elementor-element-f69f2d4 elementor-widget elementor-widget-heading\" data-id=\"f69f2d4\" data-element_type=\"widget\" data-e-type=\"widget\" data-widget_type=\"heading.default\">\n\t\t\t\t\t<h2 class=\"elementor-heading-title elementor-size-default\">notre approche<\/h2>\t\t\t\t<\/div>\n\t\t\t\t<div class=\"elementor-element elementor-element-34d1f65 elementor-widget elementor-widget-heading\" data-id=\"34d1f65\" data-element_type=\"widget\" data-e-type=\"widget\" data-widget_type=\"heading.default\">\n\t\t\t\t\t<h2 class=\"elementor-heading-title elementor-size-default\">LES 3&nbsp;PHASES DE NOTRE ACCOMPAGNEMENT<\/h2>\t\t\t\t<\/div>\n\t\t\t\t<\/div>\n\t\t\t\t<div class=\"elementor-element elementor-element-ef777be elementor-widget-divider--view-line elementor-invisible elementor-widget elementor-widget-divider\" data-id=\"ef777be\" data-element_type=\"widget\" data-e-type=\"widget\" data-settings=\"{&quot;_animation&quot;:&quot;fadeInLeft&quot;}\" data-widget_type=\"divider.default\">\n\t\t\t\t\t\t\t<div class=\"elementor-divider\">\n\t\t\t<span class=\"elementor-divider-separator\">\n\t\t\t\t\t\t<\/span>\n\t\t<\/div>\n\t\t\t\t\t\t<\/div>\n\t\t<div class=\"elementor-element elementor-element-e0196be e-con-full e-flex e-con e-child\" data-id=\"e0196be\" data-element_type=\"container\" data-e-type=\"container\">\n\t\t<div class=\"elementor-element elementor-element-9721834 e-con-full e-flex e-con e-child\" data-id=\"9721834\" data-element_type=\"container\" data-e-type=\"container\">\n\t\t\t\t<div class=\"elementor-element elementor-element-3139276 elementor-widget elementor-widget-image\" data-id=\"3139276\" data-element_type=\"widget\" data-e-type=\"widget\" data-widget_type=\"image.default\">\n\t\t\t\t\t\t\t\t\t\t\t\t\t\t\t<img decoding=\"async\" width=\"657\" height=\"601\" src=\"https:\/\/inariprod6.com\/wp-content\/uploads\/2025\/08\/Diagnosis-Digital-Strategy.webp\" class=\"attachment-full size-full wp-image-1241\" alt=\"\" srcset=\"https:\/\/inariprod6.com\/wp-content\/uploads\/2025\/08\/Diagnosis-Digital-Strategy.webp 657w, https:\/\/inariprod6.com\/wp-content\/uploads\/2025\/08\/Diagnosis-Digital-Strategy-300x274.webp 300w\" sizes=\"(max-width: 657px) 100vw, 657px\" \/>\t\t\t\t\t\t\t\t\t\t\t\t\t\t\t<\/div>\n\t\t\t\t<\/div>\n\t\t<div class=\"elementor-element elementor-element-8b28ebf e-con-full e-flex e-con e-child\" data-id=\"8b28ebf\" data-element_type=\"container\" data-e-type=\"container\">\n\t\t\t\t<div class=\"elementor-element elementor-element-0048b10 elementor-widget elementor-widget-text-editor\" data-id=\"0048b10\" data-element_type=\"widget\" data-e-type=\"widget\" data-widget_type=\"text-editor.default\">\n\t\t\t\t\t\t\t\t\t<p><strong>Phase&nbsp;1&nbsp;: Diagnostic et strat\u00e9gie num\u00e9rique (2&nbsp;semaines)<\/strong><\/p><p>POURQUOI &#8211; Pourquoi voulez-vous diversifier&nbsp;?<\/p><ul><li>Analyse de votre situation commerciale actuelle<\/li><li>Identification de vos objectifs de croissance r\u00e9els<\/li><li>\u00c9valuation de vos forces et opportunit\u00e9s sur le march\u00e9 cambodgien<\/li><\/ul><p>Notre approche commence toujours par comprendre VOTRE entreprise avant de proposer des solutions.<\/p><p>Livrable&nbsp;: Plan strat\u00e9gique personnalis\u00e9 avec des objectifs clairs et mesurables<\/p>\t\t\t\t\t\t\t\t<\/div>\n\t\t\t\t<\/div>\n\t\t\t\t<\/div>\n\t\t\t\t<div class=\"elementor-element elementor-element-3c9ec1c elementor-widget-divider--view-line elementor-invisible elementor-widget elementor-widget-divider\" data-id=\"3c9ec1c\" data-element_type=\"widget\" data-e-type=\"widget\" data-settings=\"{&quot;_animation&quot;:&quot;fadeInLeft&quot;}\" data-widget_type=\"divider.default\">\n\t\t\t\t\t\t\t<div class=\"elementor-divider\">\n\t\t\t<span class=\"elementor-divider-separator\">\n\t\t\t\t\t\t<\/span>\n\t\t<\/div>\n\t\t\t\t\t\t<\/div>\n\t\t<div class=\"elementor-element elementor-element-2ae5da5 e-con-full e-flex e-con e-child\" data-id=\"2ae5da5\" data-element_type=\"container\" data-e-type=\"container\">\n\t\t<div class=\"elementor-element elementor-element-8cd8897 e-con-full e-flex e-con e-child\" data-id=\"8cd8897\" data-element_type=\"container\" data-e-type=\"container\">\n\t\t\t\t<div class=\"elementor-element elementor-element-c3be9df elementor-widget elementor-widget-text-editor\" data-id=\"c3be9df\" data-element_type=\"widget\" data-e-type=\"widget\" data-widget_type=\"text-editor.default\">\n\t\t\t\t\t\t\t\t\t<p><strong>Phase&nbsp;2&nbsp;: Architecture et mise en \u0153uvre (4 \u00e0 6&nbsp;semaines)<\/strong><\/p><p><br>COMMENT &#8211; Comment allons-nous y parvenir&nbsp;?<\/p><p><br>\u2022 Cr\u00e9ation de votre \u00e9cosyst\u00e8me num\u00e9rique personnalis\u00e9<br>\u2022 Int\u00e9gration transparente avec vos outils existants (Facebook, etc.)<br>\u2022 Installation de nos technologies exclusives (plugin INARI SEO V4.2)<br>\u2022 Configuration de tous vos nouveaux canaux d\u2019acquisition de clients<\/p><p>Livrable&nbsp;: \u00c9cosyst\u00e8me num\u00e9rique complet et op\u00e9rationnel<\/p>\t\t\t\t\t\t\t\t<\/div>\n\t\t\t\t<\/div>\n\t\t<div class=\"elementor-element elementor-element-8050e82 e-con-full e-flex e-con e-child\" data-id=\"8050e82\" data-element_type=\"container\" data-e-type=\"container\">\n\t\t\t\t<div class=\"elementor-element elementor-element-b79a363 elementor-widget elementor-widget-image\" data-id=\"b79a363\" data-element_type=\"widget\" data-e-type=\"widget\" data-widget_type=\"image.default\">\n\t\t\t\t\t\t\t\t\t\t\t\t\t\t\t<img decoding=\"async\" width=\"658\" height=\"597\" src=\"https:\/\/inariprod6.com\/wp-content\/uploads\/2025\/08\/Architecture-Implementation.webp\" class=\"attachment-full size-full wp-image-1237\" alt=\"\" srcset=\"https:\/\/inariprod6.com\/wp-content\/uploads\/2025\/08\/Architecture-Implementation.webp 658w, https:\/\/inariprod6.com\/wp-content\/uploads\/2025\/08\/Architecture-Implementation-300x272.webp 300w\" sizes=\"(max-width: 658px) 100vw, 658px\" \/>\t\t\t\t\t\t\t\t\t\t\t\t\t\t\t<\/div>\n\t\t\t\t<\/div>\n\t\t\t\t<\/div>\n\t\t\t\t<div class=\"elementor-element elementor-element-efb4d8e elementor-widget-divider--view-line elementor-invisible elementor-widget elementor-widget-divider\" data-id=\"efb4d8e\" data-element_type=\"widget\" data-e-type=\"widget\" data-settings=\"{&quot;_animation&quot;:&quot;fadeInLeft&quot;}\" data-widget_type=\"divider.default\">\n\t\t\t\t\t\t\t<div class=\"elementor-divider\">\n\t\t\t<span class=\"elementor-divider-separator\">\n\t\t\t\t\t\t<\/span>\n\t\t<\/div>\n\t\t\t\t\t\t<\/div>\n\t\t<div class=\"elementor-element elementor-element-c98f012 e-con-full e-flex e-con e-child\" data-id=\"c98f012\" data-element_type=\"container\" data-e-type=\"container\">\n\t\t<div class=\"elementor-element elementor-element-53dad08 e-con-full e-flex e-con e-child\" data-id=\"53dad08\" data-element_type=\"container\" data-e-type=\"container\">\n\t\t\t\t<div class=\"elementor-element elementor-element-079c253 elementor-widget elementor-widget-image\" data-id=\"079c253\" data-element_type=\"widget\" data-e-type=\"widget\" data-widget_type=\"image.default\">\n\t\t\t\t\t\t\t\t\t\t\t\t\t\t\t<img loading=\"lazy\" decoding=\"async\" width=\"657\" height=\"597\" src=\"https:\/\/inariprod6.com\/wp-content\/uploads\/2025\/08\/Training-Optimization.webp\" class=\"attachment-full size-full wp-image-1233\" alt=\"\" srcset=\"https:\/\/inariprod6.com\/wp-content\/uploads\/2025\/08\/Training-Optimization.webp 657w, https:\/\/inariprod6.com\/wp-content\/uploads\/2025\/08\/Training-Optimization-300x273.webp 300w\" sizes=\"(max-width: 657px) 100vw, 657px\" \/>\t\t\t\t\t\t\t\t\t\t\t\t\t\t\t<\/div>\n\t\t\t\t<\/div>\n\t\t<div class=\"elementor-element elementor-element-8559fba e-con-full e-flex e-con e-child\" data-id=\"8559fba\" data-element_type=\"container\" data-e-type=\"container\">\n\t\t\t\t<div class=\"elementor-element elementor-element-59c74bb elementor-widget elementor-widget-text-editor\" data-id=\"59c74bb\" data-element_type=\"widget\" data-e-type=\"widget\" data-widget_type=\"text-editor.default\">\n\t\t\t\t\t\t\t\t\t<p><strong>Phase&nbsp;3&nbsp;: Formation et optimisation (3 \u00e0 6&nbsp;mois)<\/strong><\/p><p>QUOI &#8211; Que faire pour maintenir et d\u00e9velopper&nbsp;?<\/p><ul><li>Formation compl\u00e8te de votre \u00e9quipe<\/li><li>Accompagnement personnalis\u00e9 par notre expert commercial<\/li><li>Optimisations bas\u00e9es sur des r\u00e9sultats r\u00e9els<\/li><li>\u00c9volution de votre strat\u00e9gie en fonction de vos performances<\/li><\/ul><p> <\/p><p>Livrable&nbsp;: Autonomie compl\u00e8te et croissance mesurable<\/p>\t\t\t\t\t\t\t\t<\/div>\n\t\t\t\t<\/div>\n\t\t\t\t<\/div>\n\t\t\t\t\t<\/div>\n\t\t\t\t<\/div>\n\t\t<div class=\"elementor-element elementor-element-c062cde e-flex e-con-boxed e-con e-parent\" data-id=\"c062cde\" data-element_type=\"container\" data-e-type=\"container\">\n\t\t\t\t\t<div class=\"e-con-inner\">\n\t\t\t\t<div class=\"elementor-element elementor-element-5d4bfae elementor-widget elementor-widget-heading\" data-id=\"5d4bfae\" data-element_type=\"widget\" data-e-type=\"widget\" data-widget_type=\"heading.default\">\n\t\t\t\t\t<h2 class=\"elementor-heading-title elementor-size-default\">en savoir plus<\/h2>\t\t\t\t<\/div>\n\t\t<div class=\"elementor-element elementor-element-4967741 e-con-full e-flex e-con e-child\" data-id=\"4967741\" data-element_type=\"container\" data-e-type=\"container\">\n\t\t<div class=\"elementor-element elementor-element-c9b1fbb e-con-full e-flex e-con e-child\" data-id=\"c9b1fbb\" data-element_type=\"container\" data-e-type=\"container\">\n\t\t\t\t<div class=\"elementor-element elementor-element-850c120 elementor-align-right elementor-mobile-align-center elementor-widget elementor-widget-button\" data-id=\"850c120\" data-element_type=\"widget\" data-e-type=\"widget\" data-widget_type=\"button.default\">\n\t\t\t\t\t\t\t\t\t\t<a class=\"elementor-button elementor-button-link elementor-size-sm\" href=\"#\">\n\t\t\t\t\t\t<span class=\"elementor-button-content-wrapper\">\n\t\t\t\t\t\t\t\t\t<span class=\"elementor-button-text\">Commencer par le diagnostic<\/span>\n\t\t\t\t\t<\/span>\n\t\t\t\t\t<\/a>\n\t\t\t\t\t\t\t\t<\/div>\n\t\t\t\t<\/div>\n\t\t<div class=\"elementor-element elementor-element-84f54a0 e-con-full e-flex e-con e-child\" data-id=\"84f54a0\" data-element_type=\"container\" data-e-type=\"container\">\n\t\t\t\t<div class=\"elementor-element elementor-element-0f63ec0 elementor-align-left elementor-mobile-align-center elementor-widget elementor-widget-button\" data-id=\"0f63ec0\" data-element_type=\"widget\" data-e-type=\"widget\" data-widget_type=\"button.default\">\n\t\t\t\t\t\t\t\t\t\t<a class=\"elementor-button elementor-button-link elementor-size-sm\" href=\"#\">\n\t\t\t\t\t\t<span class=\"elementor-button-content-wrapper\">\n\t\t\t\t\t\t\t\t\t<span class=\"elementor-button-text\">Rejoignez le prochain atelier<\/span>\n\t\t\t\t\t<\/span>\n\t\t\t\t\t<\/a>\n\t\t\t\t\t\t\t\t<\/div>\n\t\t\t\t<\/div>\n\t\t\t\t<\/div>\n\t\t\t\t\t<\/div>\n\t\t\t\t<\/div>\n\t\t\t\t<\/div>\n\t\t","protected":false},"excerpt":{"rendered":"<p>Notre m\u00e9thodologie&nbsp;:L\u2019entreprise d\u2019abord, les outils ensuite Trop d\u2019entreprises cambodgiennes ach\u00e8tent des solutions num\u00e9riques comme on ach\u00e8te des m\u00e9dicaments sansdiagnostic. R\u00e9sultat&nbsp;: des outils qui ne correspondent pas aux besoins r\u00e9els. Notre approche commence toujours par comprendre VOTRE entreprise avant de proposer des solutions. notre approche LES 3&nbsp;PHASES DE NOTRE ACCOMPAGNEMENT Phase&nbsp;1&nbsp;: Diagnostic et strat\u00e9gie num\u00e9rique (2&nbsp;semaines) [&hellip;]<\/p>\n","protected":false},"author":2,"featured_media":0,"parent":0,"menu_order":0,"comment_status":"closed","ping_status":"closed","template":"elementor_header_footer","meta":{"footnotes":""},"class_list":["post-1429","page","type-page","status-publish","hentry"],"_links":{"self":[{"href":"https:\/\/inariprod6.com\/fr\/wp-json\/wp\/v2\/pages\/1429","targetHints":{"allow":["GET"]}}],"collection":[{"href":"https:\/\/inariprod6.com\/fr\/wp-json\/wp\/v2\/pages"}],"about":[{"href":"https:\/\/inariprod6.com\/fr\/wp-json\/wp\/v2\/types\/page"}],"author":[{"embeddable":true,"href":"https:\/\/inariprod6.com\/fr\/wp-json\/wp\/v2\/users\/2"}],"replies":[{"embeddable":true,"href":"https:\/\/inariprod6.com\/fr\/wp-json\/wp\/v2\/comments?post=1429"}],"version-history":[{"count":1,"href":"https:\/\/inariprod6.com\/fr\/wp-json\/wp\/v2\/pages\/1429\/revisions"}],"predecessor-version":[{"id":1688,"href":"https:\/\/inariprod6.com\/fr\/wp-json\/wp\/v2\/pages\/1429\/revisions\/1688"}],"wp:attachment":[{"href":"https:\/\/inariprod6.com\/fr\/wp-json\/wp\/v2\/media?parent=1429"}],"curies":[{"name":"wp","href":"https:\/\/api.w.org\/{rel}","templated":true}]}}