{"id":1598,"date":"2025-08-14T02:12:43","date_gmt":"2025-08-14T02:12:43","guid":{"rendered":"https:\/\/inariprod6.com\/blog\/"},"modified":"2025-09-14T02:15:33","modified_gmt":"2025-09-14T02:15:33","slug":"blog","status":"publish","type":"page","link":"https:\/\/inariprod6.com\/fr\/blog\/","title":{"rendered":"BLOG"},"content":{"rendered":"\t\t<div data-elementor-type=\"wp-page\" data-elementor-id=\"1598\" class=\"elementor elementor-1598 elementor-633\" data-elementor-post-type=\"page\">\n\t\t\t\t<div class=\"elementor-element elementor-element-ede9b9c e-con-full elementor-hidden-tablet elementor-hidden-mobile e-flex e-con e-parent\" data-id=\"ede9b9c\" data-element_type=\"container\" data-e-type=\"container\" data-settings=\"{&quot;background_background&quot;:&quot;slideshow&quot;,&quot;background_slideshow_gallery&quot;:[{&quot;id&quot;:1189,&quot;url&quot;:&quot;https:\\\/\\\/inariprod6.com\\\/wp-content\\\/uploads\\\/2025\\\/08\\\/BACKGROUND-IMAGE.webp&quot;}],&quot;background_slideshow_loop&quot;:&quot;yes&quot;,&quot;background_slideshow_slide_duration&quot;:5000,&quot;background_slideshow_slide_transition&quot;:&quot;fade&quot;,&quot;background_slideshow_transition_duration&quot;:500}\">\n\t\t<div class=\"elementor-element elementor-element-1e80f17 e-con-full e-flex e-con e-child\" data-id=\"1e80f17\" data-element_type=\"container\" data-e-type=\"container\">\n\t\t<div class=\"elementor-element elementor-element-f92e265 e-con-full e-flex e-con e-child\" data-id=\"f92e265\" data-element_type=\"container\" data-e-type=\"container\">\n\t\t\t\t<div class=\"elementor-element elementor-element-9dd84b7 elementor-widget elementor-widget-image\" data-id=\"9dd84b7\" data-element_type=\"widget\" data-e-type=\"widget\" data-widget_type=\"image.default\">\n\t\t\t\t\t\t\t\t\t\t\t\t\t\t\t<img fetchpriority=\"high\" decoding=\"async\" width=\"633\" height=\"619\" src=\"https:\/\/inariprod6.com\/wp-content\/uploads\/2025\/08\/Inari-IT-Tab.webp\" class=\"attachment-full size-full wp-image-1373\" alt=\"\" srcset=\"https:\/\/inariprod6.com\/wp-content\/uploads\/2025\/08\/Inari-IT-Tab.webp 633w, https:\/\/inariprod6.com\/wp-content\/uploads\/2025\/08\/Inari-IT-Tab-300x293.webp 300w\" sizes=\"(max-width: 633px) 100vw, 633px\" \/>\t\t\t\t\t\t\t\t\t\t\t\t\t\t\t<\/div>\n\t\t\t\t<\/div>\n\t\t<div class=\"elementor-element elementor-element-2ae5139 e-con-full e-flex e-con e-child\" data-id=\"2ae5139\" data-element_type=\"container\" data-e-type=\"container\">\n\t\t\t\t<div class=\"elementor-element elementor-element-3a474f8 elementor-widget elementor-widget-heading\" data-id=\"3a474f8\" data-element_type=\"widget\" data-e-type=\"widget\" data-widget_type=\"heading.default\">\n\t\t\t\t\t<h1 class=\"elementor-heading-title elementor-size-default\">blog:<br>STRAT\u00c9GIE \u00c9DITORIALE<\/h1>\t\t\t\t<\/div>\n\t\t\t\t<div class=\"elementor-element elementor-element-7080950 elementor-widget elementor-widget-text-editor\" data-id=\"7080950\" data-element_type=\"widget\" data-e-type=\"widget\" data-widget_type=\"text-editor.default\">\n\t\t\t\t\t\t\t\t\t<p>\u00c9duquer le march\u00e9 cambodgien tout en d\u00e9montrant notre expertise<\/p>\t\t\t\t\t\t\t\t<\/div>\n\t\t\t\t<\/div>\n\t\t\t\t<\/div>\n\t\t\t\t<\/div>\n\t\t<div class=\"elementor-element elementor-element-e4dd519 e-con-full elementor-hidden-desktop elementor-hidden-laptop e-flex e-con e-parent\" data-id=\"e4dd519\" data-element_type=\"container\" data-e-type=\"container\" data-settings=\"{&quot;background_background&quot;:&quot;slideshow&quot;,&quot;background_slideshow_gallery&quot;:[{&quot;id&quot;:1189,&quot;url&quot;:&quot;https:\\\/\\\/inariprod6.com\\\/wp-content\\\/uploads\\\/2025\\\/08\\\/BACKGROUND-IMAGE.webp&quot;}],&quot;background_slideshow_loop&quot;:&quot;yes&quot;,&quot;background_slideshow_slide_duration&quot;:5000,&quot;background_slideshow_slide_transition&quot;:&quot;fade&quot;,&quot;background_slideshow_transition_duration&quot;:500}\">\n\t\t<div class=\"elementor-element elementor-element-4930e8b e-con-full e-flex e-con e-child\" data-id=\"4930e8b\" data-element_type=\"container\" data-e-type=\"container\">\n\t\t<div class=\"elementor-element elementor-element-145c70f e-con-full e-flex e-con e-child\" data-id=\"145c70f\" data-element_type=\"container\" data-e-type=\"container\">\n\t\t\t\t<div class=\"elementor-element elementor-element-2b6760e elementor-widget elementor-widget-heading\" data-id=\"2b6760e\" data-element_type=\"widget\" data-e-type=\"widget\" data-widget_type=\"heading.default\">\n\t\t\t\t\t<h1 class=\"elementor-heading-title elementor-size-default\">blog:<br>STRAT\u00c9GIE \u00c9DITORIALE<\/h1>\t\t\t\t<\/div>\n\t\t\t\t<div class=\"elementor-element elementor-element-26f8f63 elementor-widget elementor-widget-text-editor\" data-id=\"26f8f63\" data-element_type=\"widget\" data-e-type=\"widget\" data-widget_type=\"text-editor.default\">\n\t\t\t\t\t\t\t\t\t<p>\u00c9duquer le march\u00e9 cambodgien tout en d\u00e9montrant notre expertise<\/p>\t\t\t\t\t\t\t\t<\/div>\n\t\t\t\t<\/div>\n\t\t<div class=\"elementor-element elementor-element-205acf1 e-con-full e-flex e-con e-child\" data-id=\"205acf1\" data-element_type=\"container\" data-e-type=\"container\">\n\t\t\t\t<div class=\"elementor-element elementor-element-4bb6ba4 elementor-widget elementor-widget-image\" data-id=\"4bb6ba4\" data-element_type=\"widget\" data-e-type=\"widget\" data-widget_type=\"image.default\">\n\t\t\t\t\t\t\t\t\t\t\t\t\t\t\t<img fetchpriority=\"high\" decoding=\"async\" width=\"633\" height=\"619\" src=\"https:\/\/inariprod6.com\/wp-content\/uploads\/2025\/08\/Inari-IT-Tab.webp\" class=\"attachment-full size-full wp-image-1373\" alt=\"\" srcset=\"https:\/\/inariprod6.com\/wp-content\/uploads\/2025\/08\/Inari-IT-Tab.webp 633w, https:\/\/inariprod6.com\/wp-content\/uploads\/2025\/08\/Inari-IT-Tab-300x293.webp 300w\" sizes=\"(max-width: 633px) 100vw, 633px\" \/>\t\t\t\t\t\t\t\t\t\t\t\t\t\t\t<\/div>\n\t\t\t\t<\/div>\n\t\t\t\t<\/div>\n\t\t\t\t<\/div>\n\t\t<div class=\"elementor-element elementor-element-723c95d e-flex e-con-boxed e-con e-parent\" data-id=\"723c95d\" data-element_type=\"container\" data-e-type=\"container\">\n\t\t\t\t\t<div class=\"e-con-inner\">\n\t\t<div class=\"elementor-element elementor-element-34644f6 e-con-full e-flex e-con e-child\" data-id=\"34644f6\" data-element_type=\"container\" data-e-type=\"container\">\n\t\t\t\t<div class=\"elementor-element elementor-element-6aa2dc5 elementor-widget elementor-widget-heading\" data-id=\"6aa2dc5\" data-element_type=\"widget\" data-e-type=\"widget\" data-widget_type=\"heading.default\">\n\t\t\t\t\t<h2 class=\"elementor-heading-title elementor-size-default\">Inari IT<\/h2>\t\t\t\t<\/div>\n\t\t\t\t<div class=\"elementor-element elementor-element-6797794 elementor-widget elementor-widget-heading\" data-id=\"6797794\" data-element_type=\"widget\" data-e-type=\"widget\" data-widget_type=\"heading.default\">\n\t\t\t\t\t<h2 class=\"elementor-heading-title elementor-size-default\">blog<\/h2>\t\t\t\t<\/div>\n\t\t\t\t<\/div>\n\t\t<div class=\"elementor-element elementor-element-ed6a51b e-con-full e-flex e-con e-child\" data-id=\"ed6a51b\" data-element_type=\"container\" data-e-type=\"container\">\n\t\t\t\t<div class=\"elementor-element elementor-element-d43c1bf elementor-grid-laptop-3 elementor-posts--align-center elementor-grid-3 elementor-grid-tablet-2 elementor-grid-mobile-1 elementor-posts--thumbnail-top elementor-card-shadow-yes elementor-posts__hover-gradient elementor-widget elementor-widget-posts\" data-id=\"d43c1bf\" data-element_type=\"widget\" data-e-type=\"widget\" data-settings=\"{&quot;cards_row_gap&quot;:{&quot;unit&quot;:&quot;px&quot;,&quot;size&quot;:25,&quot;sizes&quot;:[]},&quot;cards_columns_laptop&quot;:&quot;3&quot;,&quot;pagination_type&quot;:&quot;prev_next&quot;,&quot;cards_columns&quot;:&quot;3&quot;,&quot;cards_columns_tablet&quot;:&quot;2&quot;,&quot;cards_columns_mobile&quot;:&quot;1&quot;,&quot;cards_row_gap_laptop&quot;:{&quot;unit&quot;:&quot;px&quot;,&quot;size&quot;:&quot;&quot;,&quot;sizes&quot;:[]},&quot;cards_row_gap_tablet&quot;:{&quot;unit&quot;:&quot;px&quot;,&quot;size&quot;:&quot;&quot;,&quot;sizes&quot;:[]},&quot;cards_row_gap_mobile&quot;:{&quot;unit&quot;:&quot;px&quot;,&quot;size&quot;:&quot;&quot;,&quot;sizes&quot;:[]}}\" data-widget_type=\"posts.cards\">\n\t\t\t\t<div class=\"elementor-widget-container\">\n\t\t\t\t\t\t\t<div class=\"elementor-posts-container elementor-posts elementor-posts--skin-cards elementor-grid\" role=\"list\">\n\t\t\t\t<article class=\"elementor-post elementor-grid-item post-1557 post type-post status-publish format-standard has-post-thumbnail hentry category-not_global\" role=\"listitem\">\n\t\t\t<div class=\"elementor-post__card\">\n\t\t\t\t<a class=\"elementor-post__thumbnail__link\" href=\"https:\/\/inariprod6.com\/fr\/maintenance-tout-en-un\/\" tabindex=\"-1\" ><div class=\"elementor-post__thumbnail\"><img decoding=\"async\" width=\"305\" height=\"165\" src=\"https:\/\/inariprod6.com\/wp-content\/uploads\/2025\/08\/backup.png\" class=\"attachment-full size-full wp-image-1397\" alt=\"\" srcset=\"https:\/\/inariprod6.com\/wp-content\/uploads\/2025\/08\/backup.png 305w, https:\/\/inariprod6.com\/wp-content\/uploads\/2025\/08\/backup-300x162.png 300w\" sizes=\"(max-width: 305px) 100vw, 305px\" \/><\/div><\/a>\n\t\t\t\t<div class=\"elementor-post__text\">\n\t\t\t\t<h3 class=\"elementor-post__title\">\n\t\t\t<a href=\"https:\/\/inariprod6.com\/fr\/maintenance-tout-en-un\/\" >\n\t\t\t\tMAINTENANCE TOUT-EN-UN\t\t\t<\/a>\n\t\t<\/h3>\n\t\t\t\t<\/div>\n\t\t\t\t\t<\/div>\n\t\t<\/article>\n\t\t\t\t<article class=\"elementor-post elementor-grid-item post-1489 post type-post status-publish format-standard has-post-thumbnail hentry category-not_global\" role=\"listitem\">\n\t\t\t<div class=\"elementor-post__card\">\n\t\t\t\t<a class=\"elementor-post__thumbnail__link\" href=\"https:\/\/inariprod6.com\/fr\/audit-seo-professionnel-cambodge-analyse-de-site-web-basee-sur-lia-et-guide-doptimisation\/\" tabindex=\"-1\" ><div class=\"elementor-post__thumbnail\"><img decoding=\"async\" width=\"1000\" height=\"1000\" src=\"https:\/\/inariprod6.com\/wp-content\/uploads\/2025\/08\/Professional-SEO-Audit-\u2013-Is-Your-Cambodia-Website-Invisible-on-Google.webp\" class=\"attachment-full size-full wp-image-1401\" alt=\"\" srcset=\"https:\/\/inariprod6.com\/wp-content\/uploads\/2025\/08\/Professional-SEO-Audit-\u2013-Is-Your-Cambodia-Website-Invisible-on-Google.webp 1000w, https:\/\/inariprod6.com\/wp-content\/uploads\/2025\/08\/Professional-SEO-Audit-\u2013-Is-Your-Cambodia-Website-Invisible-on-Google-300x300.webp 300w, https:\/\/inariprod6.com\/wp-content\/uploads\/2025\/08\/Professional-SEO-Audit-\u2013-Is-Your-Cambodia-Website-Invisible-on-Google-150x150.webp 150w, https:\/\/inariprod6.com\/wp-content\/uploads\/2025\/08\/Professional-SEO-Audit-\u2013-Is-Your-Cambodia-Website-Invisible-on-Google-768x768.webp 768w\" sizes=\"(max-width: 1000px) 100vw, 1000px\" \/><\/div><\/a>\n\t\t\t\t<div class=\"elementor-post__text\">\n\t\t\t\t<h3 class=\"elementor-post__title\">\n\t\t\t<a href=\"https:\/\/inariprod6.com\/fr\/audit-seo-professionnel-cambodge-analyse-de-site-web-basee-sur-lia-et-guide-doptimisation\/\" >\n\t\t\t\tAudit SEO professionnel Cambodge : Analyse de site web bas\u00e9e sur l&rsquo;IA et guide d&rsquo;optimisation\t\t\t<\/a>\n\t\t<\/h3>\n\t\t\t\t<\/div>\n\t\t\t\t\t<\/div>\n\t\t<\/article>\n\t\t\t\t<article class=\"elementor-post elementor-grid-item post-1504 post type-post status-publish format-standard has-post-thumbnail hentry category-not_global\" role=\"listitem\">\n\t\t\t<div class=\"elementor-post__card\">\n\t\t\t\t<a class=\"elementor-post__thumbnail__link\" href=\"https:\/\/inariprod6.com\/fr\/creation-de-sites-web-au-cambodge-la-difference-inari\/\" tabindex=\"-1\" ><div class=\"elementor-post__thumbnail\"><img loading=\"lazy\" decoding=\"async\" width=\"1500\" height=\"1007\" src=\"https:\/\/inariprod6.com\/wp-content\/uploads\/2025\/08\/strategy-first-1024x687-1.jpg\" class=\"attachment-full size-full wp-image-1389\" alt=\"\" srcset=\"https:\/\/inariprod6.com\/wp-content\/uploads\/2025\/08\/strategy-first-1024x687-1.jpg 1500w, https:\/\/inariprod6.com\/wp-content\/uploads\/2025\/08\/strategy-first-1024x687-1-300x201.jpg 300w, https:\/\/inariprod6.com\/wp-content\/uploads\/2025\/08\/strategy-first-1024x687-1-1024x687.jpg 1024w, https:\/\/inariprod6.com\/wp-content\/uploads\/2025\/08\/strategy-first-1024x687-1-768x516.jpg 768w\" sizes=\"(max-width: 1500px) 100vw, 1500px\" \/><\/div><\/a>\n\t\t\t\t<div class=\"elementor-post__text\">\n\t\t\t\t<h3 class=\"elementor-post__title\">\n\t\t\t<a href=\"https:\/\/inariprod6.com\/fr\/creation-de-sites-web-au-cambodge-la-difference-inari\/\" >\n\t\t\t\tCr\u00e9ation de sites web au Cambodge, la diff\u00e9rence inari\t\t\t<\/a>\n\t\t<\/h3>\n\t\t\t\t<\/div>\n\t\t\t\t\t<\/div>\n\t\t<\/article>\n\t\t\t\t<article class=\"elementor-post elementor-grid-item post-1496 post type-post status-publish format-standard has-post-thumbnail hentry category-not_global\" role=\"listitem\">\n\t\t\t<div class=\"elementor-post__card\">\n\t\t\t\t<a class=\"elementor-post__thumbnail__link\" href=\"https:\/\/inariprod6.com\/fr\/audit-seo-professionnel-cambodge-analyse-de-site-web-basee-sur-lia-et-guide-doptimisation-2\/\" tabindex=\"-1\" ><div class=\"elementor-post__thumbnail\"><img loading=\"lazy\" decoding=\"async\" width=\"1920\" height=\"1570\" src=\"https:\/\/inariprod6.com\/wp-content\/uploads\/2025\/08\/Professional-SEO-Audit-Cambodia-AI-Powered-Website-Analysis-and-Optimization-Guide.webp\" class=\"attachment-full size-full wp-image-1393\" alt=\"\" srcset=\"https:\/\/inariprod6.com\/wp-content\/uploads\/2025\/08\/Professional-SEO-Audit-Cambodia-AI-Powered-Website-Analysis-and-Optimization-Guide.webp 1920w, https:\/\/inariprod6.com\/wp-content\/uploads\/2025\/08\/Professional-SEO-Audit-Cambodia-AI-Powered-Website-Analysis-and-Optimization-Guide-300x245.webp 300w, https:\/\/inariprod6.com\/wp-content\/uploads\/2025\/08\/Professional-SEO-Audit-Cambodia-AI-Powered-Website-Analysis-and-Optimization-Guide-1024x837.webp 1024w, https:\/\/inariprod6.com\/wp-content\/uploads\/2025\/08\/Professional-SEO-Audit-Cambodia-AI-Powered-Website-Analysis-and-Optimization-Guide-768x628.webp 768w, https:\/\/inariprod6.com\/wp-content\/uploads\/2025\/08\/Professional-SEO-Audit-Cambodia-AI-Powered-Website-Analysis-and-Optimization-Guide-1536x1256.webp 1536w\" sizes=\"(max-width: 1920px) 100vw, 1920px\" \/><\/div><\/a>\n\t\t\t\t<div class=\"elementor-post__text\">\n\t\t\t\t<h3 class=\"elementor-post__title\">\n\t\t\t<a href=\"https:\/\/inariprod6.com\/fr\/audit-seo-professionnel-cambodge-analyse-de-site-web-basee-sur-lia-et-guide-doptimisation-2\/\" >\n\t\t\t\tAudit SEO professionnel Cambodge : Analyse de site web bas\u00e9e sur l&rsquo;IA et guide d&rsquo;optimisation\t\t\t<\/a>\n\t\t<\/h3>\n\t\t\t\t<\/div>\n\t\t\t\t\t<\/div>\n\t\t<\/article>\n\t\t\t\t<\/div>\n\t\t\n\t\t\t\t\t\t<\/div>\n\t\t\t\t<\/div>\n\t\t\t\t<\/div>\n\t\t\t\t\t<\/div>\n\t\t\t\t<\/div>\n\t\t\t\t<\/div>\n\t\t","protected":false},"excerpt":{"rendered":"<p>blog:STRAT\u00c9GIE \u00c9DITORIALE \u00c9duquer le march\u00e9 cambodgien tout en d\u00e9montrant notre expertise blog:STRAT\u00c9GIE \u00c9DITORIALE \u00c9duquer le march\u00e9 cambodgien tout en d\u00e9montrant notre expertise Inari IT blog<\/p>\n","protected":false},"author":2,"featured_media":0,"parent":0,"menu_order":0,"comment_status":"closed","ping_status":"closed","template":"elementor_header_footer","meta":{"footnotes":""},"class_list":["post-1598","page","type-page","status-publish","hentry"],"_links":{"self":[{"href":"https:\/\/inariprod6.com\/fr\/wp-json\/wp\/v2\/pages\/1598","targetHints":{"allow":["GET"]}}],"collection":[{"href":"https:\/\/inariprod6.com\/fr\/wp-json\/wp\/v2\/pages"}],"about":[{"href":"https:\/\/inariprod6.com\/fr\/wp-json\/wp\/v2\/types\/page"}],"author":[{"embeddable":true,"href":"https:\/\/inariprod6.com\/fr\/wp-json\/wp\/v2\/users\/2"}],"replies":[{"embeddable":true,"href":"https:\/\/inariprod6.com\/fr\/wp-json\/wp\/v2\/comments?post=1598"}],"version-history":[{"count":0,"href":"https:\/\/inariprod6.com\/fr\/wp-json\/wp\/v2\/pages\/1598\/revisions"}],"wp:attachment":[{"href":"https:\/\/inariprod6.com\/fr\/wp-json\/wp\/v2\/media?parent=1598"}],"curies":[{"name":"wp","href":"https:\/\/api.w.org\/{rel}","templated":true}]}}